{"id":58519,"date":"2024-03-14T15:50:48","date_gmt":"2024-03-14T14:50:48","guid":{"rendered":"https:\/\/verandair-pro.poush-dev.be\/?page_id=58519"},"modified":"2026-02-27T10:10:54","modified_gmt":"2026-02-27T09:10:54","slug":"brochures-produits","status":"publish","type":"page","link":"https:\/\/www.verandair.com\/fr\/telechargements\/brochures-produits\/","title":{"rendered":"Brochures produits"},"content":{"rendered":"<p>[et_pb_section fb_built=&#8221;1&#8243; _builder_version=&#8221;4.24.2&#8243; _module_preset=&#8221;default&#8221; global_colors_info=&#8221;{}&#8221;][et_pb_row _builder_version=&#8221;4.24.2&#8243; _module_preset=&#8221;default&#8221; global_colors_info=&#8221;{}&#8221;][et_pb_column type=&#8221;4_4&#8243; _builder_version=&#8221;4.24.2&#8243; _module_preset=&#8221;default&#8221; global_colors_info=&#8221;{}&#8221;][et_pb_text _builder_version=&#8221;4.24.2&#8243; _module_preset=&#8221;default&#8221; text_orientation=&#8221;center&#8221; global_colors_info=&#8221;{}&#8221;]<\/p>\n<h2><strong>Brochures<\/strong> Produits 2026<\/h2>\n<p class=\"p1\">Les solutions VERANDAIR\u00ae vous permettent de profiter de vos ext\u00e9rieurs tout au long de l\u2019ann\u00e9e, mais \u00e9galement de cr\u00e9er des espaces modulables selon les saisons et vos envies.<\/p>\n<p class=\"p1\">Que vous soyez un<span>\u00a0<\/span><strong>particulier<\/strong><span>\u00a0<\/span>ou un<span>\u00a0<\/span><strong>professionnel<\/strong>, il y a forc\u00e9ment une solution VERANDAIR\u00ae qui est faite pour vous.<\/p>\n<p class=\"p1\"><strong>T\u00e9l\u00e9chargez votre brochure 2026<\/strong>\u00a0et d\u00e9couvrez tous les produits VERANDAIR\u00ae qui vous permettront de<span>\u00a0<\/span><strong>profiter de votre terrasse<\/strong><span>\u00a0<\/span>toute l\u2019ann\u00e9e.<\/p>\n<p>[\/et_pb_text][\/et_pb_column][\/et_pb_row][et_pb_row column_structure=&#8221;1_2,1_2&#8243; make_equal=&#8221;on&#8221; _builder_version=&#8221;4.24.2&#8243; _module_preset=&#8221;default&#8221; custom_margin=&#8221;||||false|false&#8221; custom_css_main_element=&#8221;align-items: center;&#8221; global_colors_info=&#8221;{}&#8221;][et_pb_column type=&#8221;1_2&#8243; _builder_version=&#8221;4.24.2&#8243; _module_preset=&#8221;default&#8221; global_colors_info=&#8221;{}&#8221;][et_pb_image src=&#8221;https:\/\/www.verandair.com\/wp-content\/uploads\/2025\/12\/VERAN-brochure-A4-2026-3.jpg&#8221; alt=&#8221;Brochure Verandair 2026&#8243; title_text=&#8221;VERAN-brochure-A4-2026-3&#8243; url=&#8221;https:\/\/info.verandair.com\/Brochure\/&#8221; url_new_window=&#8221;on&#8221; align=&#8221;center&#8221; _builder_version=&#8221;4.27.5&#8243; _module_preset=&#8221;default&#8221; max_width=&#8221;70%&#8221; max_width_tablet=&#8221;70%&#8221; max_width_phone=&#8221;70%&#8221; max_width_last_edited=&#8221;on|desktop&#8221; global_colors_info=&#8221;{}&#8221;][\/et_pb_image][\/et_pb_column][et_pb_column type=&#8221;1_2&#8243; _builder_version=&#8221;4.24.2&#8243; _module_preset=&#8221;default&#8221; global_colors_info=&#8221;{}&#8221;][et_pb_text _builder_version=&#8221;4.27.5&#8243; _module_preset=&#8221;default&#8221; global_colors_info=&#8221;{}&#8221;]<\/p>\n<div class=\"et_pb_module et_pb_text et_pb_text_2  et_pb_text_align_left et_pb_bg_layout_light\">\n<div class=\"et_pb_text_inner\">\n<p style=\"text-align: center;\">T\u00e9l\u00e9chargez notre brochure et d\u00e9couvrez toute la gamme 2026 de nos produits pour profiter de vos ext\u00e9rieurs tout au long de l\u2019ann\u00e9e.<\/p>\n<\/div>\n<\/div>\n<p>[\/et_pb_text][et_pb_button button_url=&#8221;https:\/\/info.verandair.com\/brochure-2026\/&#8221; url_new_window=&#8221;on&#8221; button_text=&#8221;Je t\u00e9l\u00e9charge ma brochure&#8221; button_alignment=&#8221;center&#8221; _builder_version=&#8221;4.27.5&#8243; _module_preset=&#8221;ae8d3791-01a2-4c4b-b221-c3f14f812284&#8243; custom_margin=&#8221;||20px||false|false&#8221; locked=&#8221;off&#8221; global_colors_info=&#8221;{}&#8221;][\/et_pb_button][\/et_pb_column][\/et_pb_row][et_pb_row column_structure=&#8221;1_3,1_3,1_3&#8243; _builder_version=&#8221;4.24.2&#8243; _module_preset=&#8221;default&#8221; locked=&#8221;off&#8221; global_colors_info=&#8221;{}&#8221;][et_pb_column type=&#8221;1_3&#8243; _builder_version=&#8221;4.24.2&#8243; _module_preset=&#8221;default&#8221; global_colors_info=&#8221;{}&#8221;][et_pb_image src=&#8221;https:\/\/www.verandair.com\/wp-content\/uploads\/2021\/12\/brochure-ABTR.png&#8221; alt=&#8221;Brochure de l&#8217;abri de terrasse Verandair&#8221; title_text=&#8221;brochure-ABTR&#8221; url=&#8221;https:\/\/info.verandair.com\/brochure-abri-de-terrasse\/&#8221; url_new_window=&#8221;on&#8221; align=&#8221;center&#8221; _builder_version=&#8221;4.24.2&#8243; _module_preset=&#8221;default&#8221; global_colors_info=&#8221;{}&#8221;][\/et_pb_image][et_pb_text _builder_version=&#8221;4.24.2&#8243; _module_preset=&#8221;default&#8221; locked=&#8221;off&#8221; global_colors_info=&#8221;{}&#8221;]<\/p>\n<div class=\"et_pb_module et_pb_text et_pb_text_2  et_pb_text_align_left et_pb_bg_layout_light\">\n<div class=\"et_pb_text_inner\">\n<p style=\"text-align: center;\"><strong>BROCHURE l&#8217;abri de terrasse r\u00e9tractable<\/strong><\/p>\n<p style=\"text-align: center;\">R\u00e9inventer votre terrasse en t\u00e9l\u00e9chargeant notre brochure sur l\u2019Abri de Terrasse R\u00e9tractable !<\/p>\n<\/div>\n<\/div>\n<p>[\/et_pb_text][et_pb_button button_url=&#8221;https:\/\/info.verandair.com\/brochure-abri-de-terrasse\/&#8221; url_new_window=&#8221;on&#8221; button_text=&#8221;Je t\u00e9l\u00e9charge ma brochure&#8221; button_alignment=&#8221;center&#8221; _builder_version=&#8221;4.24.2&#8243; _module_preset=&#8221;ae8d3791-01a2-4c4b-b221-c3f14f812284&#8243; custom_margin=&#8221;||20px||false|false&#8221; locked=&#8221;off&#8221; global_colors_info=&#8221;{}&#8221;][\/et_pb_button][\/et_pb_column][et_pb_column type=&#8221;1_3&#8243; _builder_version=&#8221;4.24.2&#8243; _module_preset=&#8221;default&#8221; global_colors_info=&#8221;{}&#8221;][et_pb_image src=&#8221;https:\/\/www.verandair.com\/wp-content\/uploads\/2021\/12\/brochure-ABTR.png&#8221; alt=&#8221;Brochure de l&#8217;abri de terrasse Verandair&#8221; title_text=&#8221;brochure-ABTR&#8221; url=&#8221;https:\/\/info.verandair.com\/brochure-pergola\/&#8221; url_new_window=&#8221;on&#8221; align=&#8221;center&#8221; _builder_version=&#8221;4.24.2&#8243; _module_preset=&#8221;default&#8221; locked=&#8221;off&#8221; global_colors_info=&#8221;{}&#8221;][\/et_pb_image][et_pb_text _builder_version=&#8221;4.24.2&#8243; _module_preset=&#8221;default&#8221; locked=&#8221;off&#8221; global_colors_info=&#8221;{}&#8221;]<\/p>\n<div class=\"et_pb_module et_pb_text et_pb_text_2  et_pb_text_align_left et_pb_bg_layout_light\">\n<div class=\"et_pb_text_inner\">\n<p style=\"text-align: center;\"><strong>BROCHURE la Pergola \u00e0 toit Fixe<\/strong><\/p>\n<div class=\"et_pb_module et_pb_text et_pb_text_12  et_pb_text_align_left et_pb_bg_layout_light\">\n<div class=\"et_pb_text_inner\">\n<p style=\"text-align: center;\">T\u00e9l\u00e9chargez notre brochure pour d\u00e9couvrir des id\u00e9es inspirantes et robustes sur les Pergolas \u00e0 toiture fixe !<\/p>\n<\/div>\n<\/div>\n<\/div>\n<\/div>\n<p>[\/et_pb_text][et_pb_button button_url=&#8221;https:\/\/info.verandair.com\/brochure-pergola\/&#8221; url_new_window=&#8221;on&#8221; button_text=&#8221;Je t\u00e9l\u00e9charge ma brochure&#8221; button_alignment=&#8221;center&#8221; _builder_version=&#8221;4.24.2&#8243; _module_preset=&#8221;ae8d3791-01a2-4c4b-b221-c3f14f812284&#8243; custom_margin=&#8221;||20px||false|false&#8221; locked=&#8221;off&#8221; global_colors_info=&#8221;{}&#8221;][\/et_pb_button][\/et_pb_column][et_pb_column type=&#8221;1_3&#8243; _builder_version=&#8221;4.24.2&#8243; _module_preset=&#8221;default&#8221; global_colors_info=&#8221;{}&#8221;][et_pb_image src=&#8221;https:\/\/www.verandair.com\/wp-content\/uploads\/2021\/12\/brochure-veranda-pro.png&#8221; alt=&#8221;Brochure de la v\u00e9randa professionnelle Verandair&#8221; title_text=&#8221;brochure-veranda-pro&#8221; url=&#8221;https:\/\/info.verandair.com\/brochure-Veranda-professionnelle\/&#8221; url_new_window=&#8221;on&#8221; align=&#8221;center&#8221; _builder_version=&#8221;4.24.2&#8243; _module_preset=&#8221;default&#8221; global_colors_info=&#8221;{}&#8221;][\/et_pb_image][et_pb_text _builder_version=&#8221;4.24.2&#8243; _module_preset=&#8221;default&#8221; locked=&#8221;off&#8221; global_colors_info=&#8221;{}&#8221;]<\/p>\n<div class=\"et_pb_module et_pb_text et_pb_text_2  et_pb_text_align_left et_pb_bg_layout_light\">\n<div class=\"et_pb_text_inner\">\n<p style=\"text-align: center;\"><strong>BROCHURE Les Verandas Professionnelles<\/strong><\/p>\n<p style=\"text-align: center;\">Augmentez votre espace de travail avec nos v\u00e9randas professionnelles et t\u00e9l\u00e9chargez notre brochure pour d\u00e9couvrir la gamme de produit qui y est d\u00e9di\u00e9e !<\/p>\n<\/div>\n<\/div>\n<p>[\/et_pb_text][et_pb_button button_url=&#8221;https:\/\/info.verandair.com\/brochure-Veranda-professionnelle\/&#8221; url_new_window=&#8221;on&#8221; button_text=&#8221;Je t\u00e9l\u00e9charge ma brochure&#8221; button_alignment=&#8221;center&#8221; _builder_version=&#8221;4.24.2&#8243; _module_preset=&#8221;ae8d3791-01a2-4c4b-b221-c3f14f812284&#8243; custom_margin=&#8221;||20px||false|false&#8221; locked=&#8221;off&#8221; global_colors_info=&#8221;{}&#8221;][\/et_pb_button][\/et_pb_column][\/et_pb_row][et_pb_row column_structure=&#8221;1_3,1_3,1_3&#8243; _builder_version=&#8221;4.24.2&#8243; _module_preset=&#8221;default&#8221; hover_enabled=&#8221;0&#8243; locked=&#8221;off&#8221; global_colors_info=&#8221;{}&#8221; sticky_enabled=&#8221;0&#8243;][et_pb_column type=&#8221;1_3&#8243; _builder_version=&#8221;4.24.2&#8243; _module_preset=&#8221;default&#8221; global_colors_info=&#8221;{}&#8221;][\/et_pb_column][et_pb_column type=&#8221;1_3&#8243; _builder_version=&#8221;4.24.2&#8243; _module_preset=&#8221;default&#8221; global_colors_info=&#8221;{}&#8221;][et_pb_image src=&#8221;https:\/\/www.verandair.com\/wp-content\/uploads\/2021\/12\/brochure-baie-coulissante.png&#8221; alt=&#8221;Brochure de la baie coulissante Verandair&#8221; title_text=&#8221;brochure-baie-coulissante&#8221; url=&#8221;https:\/\/info.verandair.com\/brochure-baie-coulissante\/&#8221; url_new_window=&#8221;on&#8221; align=&#8221;center&#8221; _builder_version=&#8221;4.24.2&#8243; _module_preset=&#8221;default&#8221; global_colors_info=&#8221;{}&#8221;][\/et_pb_image][et_pb_text _builder_version=&#8221;4.24.2&#8243; _module_preset=&#8221;default&#8221; locked=&#8221;off&#8221; global_colors_info=&#8221;{}&#8221;]<\/p>\n<div class=\"et_pb_module et_pb_text et_pb_text_2  et_pb_text_align_left et_pb_bg_layout_light\">\n<div class=\"et_pb_text_inner\">\n<p style=\"text-align: center;\"><strong>BROCHURE les parois coulissantes<\/strong><\/p>\n<p style=\"text-align: center;\">Maximisez la luminosit\u00e9 et l\u2019espace avec nos parois coulissantes que vous pouvez d\u00e9couvrir dans notre brochure. T\u00e9l\u00e9chargez-la !<\/p>\n<\/div>\n<\/div>\n<p>[\/et_pb_text][et_pb_button button_url=&#8221;https:\/\/info.verandair.com\/brochure-baie-coulissante\/&#8221; url_new_window=&#8221;on&#8221; button_text=&#8221;Je t\u00e9l\u00e9charge ma brochure&#8221; button_alignment=&#8221;center&#8221; _builder_version=&#8221;4.24.2&#8243; _module_preset=&#8221;ae8d3791-01a2-4c4b-b221-c3f14f812284&#8243; custom_margin=&#8221;||20px||false|false&#8221; locked=&#8221;off&#8221; global_colors_info=&#8221;{}&#8221;][\/et_pb_button][\/et_pb_column][et_pb_column type=&#8221;1_3&#8243; _builder_version=&#8221;4.24.2&#8243; _module_preset=&#8221;default&#8221; global_colors_info=&#8221;{}&#8221;][\/et_pb_column][\/et_pb_row][\/et_pb_section]<\/p>\n","protected":false},"excerpt":{"rendered":"<p>Brochures Produits 2026 Les solutions VERANDAIR\u00ae vous permettent de profiter de vos ext\u00e9rieurs tout au long de l\u2019ann\u00e9e, mais \u00e9galement de cr\u00e9er des espaces modulables selon les saisons et vos envies. Que vous soyez un\u00a0particulier\u00a0ou un\u00a0professionnel, il y a forc\u00e9ment une solution VERANDAIR\u00ae qui est faite pour vous. T\u00e9l\u00e9chargez votre brochure 2026\u00a0et d\u00e9couvrez tous les produits VERANDAIR\u00ae qui vous permettront de\u00a0profiter de votre terrasse\u00a0toute l\u2019ann\u00e9e. T\u00e9l\u00e9chargez notre brochure et d\u00e9couvrez toute la gamme 2026 de nos produits pour profiter de vos ext\u00e9rieurs tout au long de l\u2019ann\u00e9e. BROCHURE l&#8217;abri de terrasse r\u00e9tractable R\u00e9inventer votre terrasse en t\u00e9l\u00e9chargeant notre brochure sur l\u2019Abri de Terrasse R\u00e9tractable ! BROCHURE la Pergola \u00e0 toit Fixe T\u00e9l\u00e9chargez notre brochure pour d\u00e9couvrir des id\u00e9es inspirantes et robustes sur les Pergolas \u00e0 toiture fixe ! BROCHURE Les Verandas Professionnelles Augmentez votre espace de travail avec nos v\u00e9randas professionnelles et t\u00e9l\u00e9chargez notre brochure pour d\u00e9couvrir la gamme de produit qui y est d\u00e9di\u00e9e ! BROCHURE les parois coulissantes Maximisez la luminosit\u00e9 et l\u2019espace avec nos parois coulissantes que vous pouvez d\u00e9couvrir dans notre brochure. T\u00e9l\u00e9chargez-la !<\/p>\n","protected":false},"author":1,"featured_media":0,"parent":58503,"menu_order":0,"comment_status":"closed","ping_status":"closed","template":"","meta":{"_acf_changed":false,"_et_pb_use_builder":"on","_et_pb_old_content":"","_et_gb_content_width":"","inline_featured_image":false,"footnotes":""},"class_list":["post-58519","page","type-page","status-publish","hentry"],"acf":[],"yoast_head":"<!-- This site is optimized with the Yoast SEO plugin v27.5 - https:\/\/yoast.com\/product\/yoast-seo-wordpress\/ -->\n<title>Brochures produits | VERANDAIR\u00ae<\/title>\n<meta name=\"description\" content=\"T\u00e9l\u00e9chargez les brochures produits Verandair : tous les d\u00e9tails techniques sur nos pergolas, v\u00e9randas, stores et abris de terrasse.\" \/>\n<meta name=\"robots\" content=\"index, follow, max-snippet:-1, max-image-preview:large, max-video-preview:-1\" \/>\n<link rel=\"canonical\" href=\"https:\/\/www.verandair.com\/fr\/telechargements\/brochures-produits\/\" \/>\n<meta property=\"og:locale\" content=\"fr_FR\" \/>\n<meta property=\"og:type\" content=\"article\" \/>\n<meta property=\"og:title\" content=\"Brochures produits | VERANDAIR\u00ae\" \/>\n<meta property=\"og:description\" content=\"T\u00e9l\u00e9chargez les brochures produits Verandair : tous les d\u00e9tails techniques sur nos pergolas, v\u00e9randas, stores et abris de terrasse.\" \/>\n<meta property=\"og:url\" content=\"https:\/\/www.verandair.com\/fr\/telechargements\/brochures-produits\/\" \/>\n<meta property=\"og:site_name\" content=\"VERANDAIR\u00ae\" \/>\n<meta property=\"article:modified_time\" content=\"2026-02-27T09:10:54+00:00\" \/>\n<meta name=\"twitter:card\" content=\"summary_large_image\" \/>\n<meta name=\"twitter:label1\" content=\"Dur\u00e9e de lecture estim\u00e9e\" \/>\n\t<meta name=\"twitter:data1\" content=\"3 minutes\" \/>\n<script type=\"application\/ld+json\" class=\"yoast-schema-graph\">{\"@context\":\"https:\\\/\\\/schema.org\",\"@graph\":[{\"@type\":\"WebPage\",\"@id\":\"https:\\\/\\\/www.verandair.com\\\/fr\\\/telechargements\\\/brochures-produits\\\/\",\"url\":\"https:\\\/\\\/www.verandair.com\\\/fr\\\/telechargements\\\/brochures-produits\\\/\",\"name\":\"Brochures produits | VERANDAIR\u00ae\",\"isPartOf\":{\"@id\":\"https:\\\/\\\/www.verandair.com\\\/fr\\\/#website\"},\"datePublished\":\"2024-03-14T14:50:48+00:00\",\"dateModified\":\"2026-02-27T09:10:54+00:00\",\"description\":\"T\u00e9l\u00e9chargez les brochures produits Verandair : tous les d\u00e9tails techniques sur nos pergolas, v\u00e9randas, stores et abris de terrasse.\",\"breadcrumb\":{\"@id\":\"https:\\\/\\\/www.verandair.com\\\/fr\\\/telechargements\\\/brochures-produits\\\/#breadcrumb\"},\"inLanguage\":\"fr-FR\",\"potentialAction\":[{\"@type\":\"ReadAction\",\"target\":[\"https:\\\/\\\/www.verandair.com\\\/fr\\\/telechargements\\\/brochures-produits\\\/\"]}]},{\"@type\":\"BreadcrumbList\",\"@id\":\"https:\\\/\\\/www.verandair.com\\\/fr\\\/telechargements\\\/brochures-produits\\\/#breadcrumb\",\"itemListElement\":[{\"@type\":\"ListItem\",\"position\":1,\"name\":\"Accueil\",\"item\":{\"@type\":\"WebPage\",\"@id\":\"https:\\\/\\\/www.verandair.com\\\/fr\\\/\",\"name\":\"Accueil\"}},{\"@type\":\"ListItem\",\"position\":2,\"name\":\"T\u00e9l\u00e9chargements\",\"item\":{\"@type\":\"WebPage\",\"@id\":\"https:\\\/\\\/www.verandair.com\\\/fr\\\/telechargements\\\/\",\"name\":\"T\u00e9l\u00e9chargements\"}},{\"@type\":\"ListItem\",\"position\":3,\"name\":\"Brochures produits\"}]},{\"@type\":\"WebSite\",\"@id\":\"https:\\\/\\\/www.verandair.com\\\/fr\\\/#website\",\"url\":\"https:\\\/\\\/www.verandair.com\\\/fr\\\/\",\"name\":\"VERANDAIR\u00ae\",\"description\":\"\",\"publisher\":{\"@id\":\"https:\\\/\\\/www.verandair.com\\\/fr\\\/#organization\"},\"potentialAction\":[{\"@type\":\"SearchAction\",\"target\":{\"@type\":\"EntryPoint\",\"urlTemplate\":\"https:\\\/\\\/www.verandair.com\\\/fr\\\/?s={search_term_string}\"},\"query-input\":{\"@type\":\"PropertyValueSpecification\",\"valueRequired\":true,\"valueName\":\"search_term_string\"}}],\"inLanguage\":\"fr-FR\"},{\"@type\":\"Organization\",\"@id\":\"https:\\\/\\\/www.verandair.com\\\/fr\\\/#organization\",\"name\":\"Verandair\",\"url\":\"https:\\\/\\\/www.verandair.com\\\/fr\\\/\",\"logo\":{\"@type\":\"ImageObject\",\"inLanguage\":\"fr-FR\",\"@id\":\"https:\\\/\\\/www.verandair.com\\\/fr\\\/#\\\/schema\\\/logo\\\/image\\\/\",\"url\":\"https:\\\/\\\/www.verandair.com\\\/wp-content\\\/uploads\\\/2024\\\/06\\\/VERANDAIR-logo.png\",\"contentUrl\":\"https:\\\/\\\/www.verandair.com\\\/wp-content\\\/uploads\\\/2024\\\/06\\\/VERANDAIR-logo.png\",\"width\":283,\"height\":127,\"caption\":\"Verandair\"},\"image\":{\"@id\":\"https:\\\/\\\/www.verandair.com\\\/fr\\\/#\\\/schema\\\/logo\\\/image\\\/\"}}]}<\/script>\n<!-- \/ Yoast SEO plugin. -->","yoast_head_json":{"title":"Brochures produits | VERANDAIR\u00ae","description":"T\u00e9l\u00e9chargez les brochures produits Verandair : tous les d\u00e9tails techniques sur nos pergolas, v\u00e9randas, stores et abris de terrasse.","robots":{"index":"index","follow":"follow","max-snippet":"max-snippet:-1","max-image-preview":"max-image-preview:large","max-video-preview":"max-video-preview:-1"},"canonical":"https:\/\/www.verandair.com\/fr\/telechargements\/brochures-produits\/","og_locale":"fr_FR","og_type":"article","og_title":"Brochures produits | VERANDAIR\u00ae","og_description":"T\u00e9l\u00e9chargez les brochures produits Verandair : tous les d\u00e9tails techniques sur nos pergolas, v\u00e9randas, stores et abris de terrasse.","og_url":"https:\/\/www.verandair.com\/fr\/telechargements\/brochures-produits\/","og_site_name":"VERANDAIR\u00ae","article_modified_time":"2026-02-27T09:10:54+00:00","twitter_card":"summary_large_image","twitter_misc":{"Dur\u00e9e de lecture estim\u00e9e":"3 minutes"},"schema":{"@context":"https:\/\/schema.org","@graph":[{"@type":"WebPage","@id":"https:\/\/www.verandair.com\/fr\/telechargements\/brochures-produits\/","url":"https:\/\/www.verandair.com\/fr\/telechargements\/brochures-produits\/","name":"Brochures produits | VERANDAIR\u00ae","isPartOf":{"@id":"https:\/\/www.verandair.com\/fr\/#website"},"datePublished":"2024-03-14T14:50:48+00:00","dateModified":"2026-02-27T09:10:54+00:00","description":"T\u00e9l\u00e9chargez les brochures produits Verandair : tous les d\u00e9tails techniques sur nos pergolas, v\u00e9randas, stores et abris de terrasse.","breadcrumb":{"@id":"https:\/\/www.verandair.com\/fr\/telechargements\/brochures-produits\/#breadcrumb"},"inLanguage":"fr-FR","potentialAction":[{"@type":"ReadAction","target":["https:\/\/www.verandair.com\/fr\/telechargements\/brochures-produits\/"]}]},{"@type":"BreadcrumbList","@id":"https:\/\/www.verandair.com\/fr\/telechargements\/brochures-produits\/#breadcrumb","itemListElement":[{"@type":"ListItem","position":1,"name":"Accueil","item":{"@type":"WebPage","@id":"https:\/\/www.verandair.com\/fr\/","name":"Accueil"}},{"@type":"ListItem","position":2,"name":"T\u00e9l\u00e9chargements","item":{"@type":"WebPage","@id":"https:\/\/www.verandair.com\/fr\/telechargements\/","name":"T\u00e9l\u00e9chargements"}},{"@type":"ListItem","position":3,"name":"Brochures produits"}]},{"@type":"WebSite","@id":"https:\/\/www.verandair.com\/fr\/#website","url":"https:\/\/www.verandair.com\/fr\/","name":"VERANDAIR\u00ae","description":"","publisher":{"@id":"https:\/\/www.verandair.com\/fr\/#organization"},"potentialAction":[{"@type":"SearchAction","target":{"@type":"EntryPoint","urlTemplate":"https:\/\/www.verandair.com\/fr\/?s={search_term_string}"},"query-input":{"@type":"PropertyValueSpecification","valueRequired":true,"valueName":"search_term_string"}}],"inLanguage":"fr-FR"},{"@type":"Organization","@id":"https:\/\/www.verandair.com\/fr\/#organization","name":"Verandair","url":"https:\/\/www.verandair.com\/fr\/","logo":{"@type":"ImageObject","inLanguage":"fr-FR","@id":"https:\/\/www.verandair.com\/fr\/#\/schema\/logo\/image\/","url":"https:\/\/www.verandair.com\/wp-content\/uploads\/2024\/06\/VERANDAIR-logo.png","contentUrl":"https:\/\/www.verandair.com\/wp-content\/uploads\/2024\/06\/VERANDAIR-logo.png","width":283,"height":127,"caption":"Verandair"},"image":{"@id":"https:\/\/www.verandair.com\/fr\/#\/schema\/logo\/image\/"}}]}},"_links":{"self":[{"href":"https:\/\/www.verandair.com\/fr\/wp-json\/wp\/v2\/pages\/58519","targetHints":{"allow":["GET"]}}],"collection":[{"href":"https:\/\/www.verandair.com\/fr\/wp-json\/wp\/v2\/pages"}],"about":[{"href":"https:\/\/www.verandair.com\/fr\/wp-json\/wp\/v2\/types\/page"}],"author":[{"embeddable":true,"href":"https:\/\/www.verandair.com\/fr\/wp-json\/wp\/v2\/users\/1"}],"replies":[{"embeddable":true,"href":"https:\/\/www.verandair.com\/fr\/wp-json\/wp\/v2\/comments?post=58519"}],"version-history":[{"count":19,"href":"https:\/\/www.verandair.com\/fr\/wp-json\/wp\/v2\/pages\/58519\/revisions"}],"predecessor-version":[{"id":74374,"href":"https:\/\/www.verandair.com\/fr\/wp-json\/wp\/v2\/pages\/58519\/revisions\/74374"}],"up":[{"embeddable":true,"href":"https:\/\/www.verandair.com\/fr\/wp-json\/wp\/v2\/pages\/58503"}],"wp:attachment":[{"href":"https:\/\/www.verandair.com\/fr\/wp-json\/wp\/v2\/media?parent=58519"}],"curies":[{"name":"wp","href":"https:\/\/api.w.org\/{rel}","templated":true}]}}